{"id":1244,"date":"2018-04-18T16:01:33","date_gmt":"2018-04-18T14:01:33","guid":{"rendered":"https:\/\/www.bullmeat.com\/?page_id=1244"},"modified":"2018-04-26T13:05:35","modified_gmt":"2018-04-26T11:05:35","slug":"kuehlhaus","status":"publish","type":"page","link":"https:\/\/www.bullmeat.com\/de\/kuehlhaus\/","title":{"rendered":"K\u00fchlhaus"},"content":{"rendered":"<p>Neben dem Verkauf von Fisch- und Fleischprodukten sind wir auch ein K\u00fchlhaus. Seit einigen Jahren bieten wir diesen Service an, durch Mundpropaganda haben wir bereits viele verschiedene Kunden, die Produkte bei uns lagern. Neben der Lagerung k\u00f6nnen wir auch Auftr\u00e4ge auf Paletten- und Paketebene kommissionieren. Es ist m\u00f6glich, Ihre Produkte \u00fcber einen kurzen oder l\u00e4ngeren Zeitraum bei uns zu lagern. Wir sind f\u00fcnf Tage die Woche ge\u00f6ffnet und halten Flexibilit\u00e4t f\u00fcr wichtig. Um dies zu erm\u00f6glichen, besteht oft ein direkter Kontakt zwischen unseren Mitarbeitern und unseren Kunden.<\/p>\n<p>Unsere Zellen sind mit modernsten Messger\u00e4ten ausgestattet, die es uns erm\u00f6glichen, die Temperatur zu jeder Tageszeit zu erfassen und zu \u00fcberwachen. Um die Qualit\u00e4t zu garantieren, sind wir f\u00fcr BRC Storage and Distribution zertifiziert. Wir sind auch bei dem Verband der niederl\u00e4ndischen K\u00fchlh\u00e4user (Nekovri) angeschlossen. Wir nutzen eine nachhaltige und energieeffiziente CO2-Anlage zur K\u00fchlung unserer Zellen. Unser Standort liegt direkt an der A5 in Amsterdam, so dass wir gut erreichbar sind.<\/p>\n<p><img loading=\"lazy\" decoding=\"async\" width=\"250\" height=\"386\" class=\"alignnone size-medium wp-image-1268\" src=\"https:\/\/www.bullmeat.com\/wp-content\/uploads\/2018\/04\/NEKOVRI_logo-incl.-tekst-250x386.jpg\" alt=\"\" srcset=\"https:\/\/www.bullmeat.com\/wp-content\/uploads\/2018\/04\/NEKOVRI_logo-incl.-tekst-250x386.jpg 250w, https:\/\/www.bullmeat.com\/wp-content\/uploads\/2018\/04\/NEKOVRI_logo-incl.-tekst-120x185.jpg 120w, https:\/\/www.bullmeat.com\/wp-content\/uploads\/2018\/04\/NEKOVRI_logo-incl.-tekst-194x300.jpg 194w, https:\/\/www.bullmeat.com\/wp-content\/uploads\/2018\/04\/NEKOVRI_logo-incl.-tekst.jpg 650w\" sizes=\"auto, (max-width: 250px) 100vw, 250px\" \/><\/p>\n","protected":false},"excerpt":{"rendered":"Neben dem Verkauf von Fisch- und Fleischprodukten sind wir auch&#8230; <a class=\"view-article\" href=\"https:\/\/www.bullmeat.com\/de\/kuehlhaus\/\">Artikel ansehen<\/a>","protected":false},"author":2,"featured_media":0,"parent":0,"menu_order":0,"comment_status":"closed","ping_status":"closed","template":"","meta":{"_acf_changed":false,"footnotes":""},"class_list":["post-1244","page","type-page","status-publish","hentry"],"acf":[],"yoast_head":"<!-- This site is optimized with the Yoast SEO plugin v27.1.1 - https:\/\/yoast.com\/product\/yoast-seo-wordpress\/ -->\n<title>K\u00fchlhaus - Bullmeat<\/title>\n<meta name=\"robots\" content=\"index, follow, max-snippet:-1, max-image-preview:large, max-video-preview:-1\" \/>\n<link rel=\"canonical\" href=\"https:\/\/www.bullmeat.com\/de\/kuehlhaus\/\" \/>\n<meta property=\"og:locale\" content=\"de_DE\" \/>\n<meta property=\"og:type\" content=\"article\" \/>\n<meta property=\"og:title\" content=\"K\u00fchlhaus - Bullmeat\" \/>\n<meta property=\"og:description\" content=\"Neben dem Verkauf von Fisch- und Fleischprodukten sind wir auch... Artikel ansehen\" \/>\n<meta property=\"og:url\" content=\"https:\/\/www.bullmeat.com\/de\/kuehlhaus\/\" \/>\n<meta property=\"og:site_name\" content=\"Bullmeat\" \/>\n<meta property=\"article:modified_time\" content=\"2018-04-26T11:05:35+00:00\" \/>\n<meta property=\"og:image\" content=\"https:\/\/www.bullmeat.com\/wp-content\/uploads\/2018\/04\/NEKOVRI_logo-incl.-tekst.jpg\" \/>\n\t<meta property=\"og:image:width\" content=\"650\" \/>\n\t<meta property=\"og:image:height\" content=\"1004\" \/>\n\t<meta property=\"og:image:type\" content=\"image\/jpeg\" \/>\n<meta name=\"twitter:card\" content=\"summary_large_image\" \/>\n<meta name=\"twitter:label1\" content=\"Gesch\u00e4tzte Lesezeit\" \/>\n\t<meta name=\"twitter:data1\" content=\"1\u00a0Minute\" \/>\n<script type=\"application\/ld+json\" class=\"yoast-schema-graph\">{\"@context\":\"https:\/\/schema.org\",\"@graph\":[{\"@type\":\"WebPage\",\"@id\":\"https:\/\/www.bullmeat.com\/de\/kuehlhaus\/\",\"url\":\"https:\/\/www.bullmeat.com\/de\/kuehlhaus\/\",\"name\":\"K\u00fchlhaus - Bullmeat\",\"isPartOf\":{\"@id\":\"https:\/\/www.bullmeat.com\/en\/#website\"},\"primaryImageOfPage\":{\"@id\":\"https:\/\/www.bullmeat.com\/de\/kuehlhaus\/#primaryimage\"},\"image\":{\"@id\":\"https:\/\/www.bullmeat.com\/de\/kuehlhaus\/#primaryimage\"},\"thumbnailUrl\":\"https:\/\/www.bullmeat.com\/wp-content\/uploads\/2018\/04\/NEKOVRI_logo-incl.-tekst-250x386.jpg\",\"datePublished\":\"2018-04-18T14:01:33+00:00\",\"dateModified\":\"2018-04-26T11:05:35+00:00\",\"breadcrumb\":{\"@id\":\"https:\/\/www.bullmeat.com\/de\/kuehlhaus\/#breadcrumb\"},\"inLanguage\":\"de\",\"potentialAction\":[{\"@type\":\"ReadAction\",\"target\":[\"https:\/\/www.bullmeat.com\/de\/kuehlhaus\/\"]}]},{\"@type\":\"ImageObject\",\"inLanguage\":\"de\",\"@id\":\"https:\/\/www.bullmeat.com\/de\/kuehlhaus\/#primaryimage\",\"url\":\"https:\/\/www.bullmeat.com\/wp-content\/uploads\/2018\/04\/NEKOVRI_logo-incl.-tekst-250x386.jpg\",\"contentUrl\":\"https:\/\/www.bullmeat.com\/wp-content\/uploads\/2018\/04\/NEKOVRI_logo-incl.-tekst-250x386.jpg\"},{\"@type\":\"BreadcrumbList\",\"@id\":\"https:\/\/www.bullmeat.com\/de\/kuehlhaus\/#breadcrumb\",\"itemListElement\":[{\"@type\":\"ListItem\",\"position\":1,\"name\":\"Home\",\"item\":\"https:\/\/www.bullmeat.com\/de\/\"},{\"@type\":\"ListItem\",\"position\":2,\"name\":\"K\u00fchlhaus\"}]},{\"@type\":\"WebSite\",\"@id\":\"https:\/\/www.bullmeat.com\/en\/#website\",\"url\":\"https:\/\/www.bullmeat.com\/en\/\",\"name\":\"Bullmeat\",\"description\":\"\",\"potentialAction\":[{\"@type\":\"SearchAction\",\"target\":{\"@type\":\"EntryPoint\",\"urlTemplate\":\"https:\/\/www.bullmeat.com\/en\/?s={search_term_string}\"},\"query-input\":{\"@type\":\"PropertyValueSpecification\",\"valueRequired\":true,\"valueName\":\"search_term_string\"}}],\"inLanguage\":\"de\"}]}<\/script>\n<!-- \/ Yoast SEO plugin. -->","yoast_head_json":{"title":"K\u00fchlhaus - Bullmeat","robots":{"index":"index","follow":"follow","max-snippet":"max-snippet:-1","max-image-preview":"max-image-preview:large","max-video-preview":"max-video-preview:-1"},"canonical":"https:\/\/www.bullmeat.com\/de\/kuehlhaus\/","og_locale":"de_DE","og_type":"article","og_title":"K\u00fchlhaus - Bullmeat","og_description":"Neben dem Verkauf von Fisch- und Fleischprodukten sind wir auch... Artikel ansehen","og_url":"https:\/\/www.bullmeat.com\/de\/kuehlhaus\/","og_site_name":"Bullmeat","article_modified_time":"2018-04-26T11:05:35+00:00","og_image":[{"width":650,"height":1004,"url":"https:\/\/www.bullmeat.com\/wp-content\/uploads\/2018\/04\/NEKOVRI_logo-incl.-tekst.jpg","type":"image\/jpeg"}],"twitter_card":"summary_large_image","twitter_misc":{"Gesch\u00e4tzte Lesezeit":"1\u00a0Minute"},"schema":{"@context":"https:\/\/schema.org","@graph":[{"@type":"WebPage","@id":"https:\/\/www.bullmeat.com\/de\/kuehlhaus\/","url":"https:\/\/www.bullmeat.com\/de\/kuehlhaus\/","name":"K\u00fchlhaus - Bullmeat","isPartOf":{"@id":"https:\/\/www.bullmeat.com\/en\/#website"},"primaryImageOfPage":{"@id":"https:\/\/www.bullmeat.com\/de\/kuehlhaus\/#primaryimage"},"image":{"@id":"https:\/\/www.bullmeat.com\/de\/kuehlhaus\/#primaryimage"},"thumbnailUrl":"https:\/\/www.bullmeat.com\/wp-content\/uploads\/2018\/04\/NEKOVRI_logo-incl.-tekst-250x386.jpg","datePublished":"2018-04-18T14:01:33+00:00","dateModified":"2018-04-26T11:05:35+00:00","breadcrumb":{"@id":"https:\/\/www.bullmeat.com\/de\/kuehlhaus\/#breadcrumb"},"inLanguage":"de","potentialAction":[{"@type":"ReadAction","target":["https:\/\/www.bullmeat.com\/de\/kuehlhaus\/"]}]},{"@type":"ImageObject","inLanguage":"de","@id":"https:\/\/www.bullmeat.com\/de\/kuehlhaus\/#primaryimage","url":"https:\/\/www.bullmeat.com\/wp-content\/uploads\/2018\/04\/NEKOVRI_logo-incl.-tekst-250x386.jpg","contentUrl":"https:\/\/www.bullmeat.com\/wp-content\/uploads\/2018\/04\/NEKOVRI_logo-incl.-tekst-250x386.jpg"},{"@type":"BreadcrumbList","@id":"https:\/\/www.bullmeat.com\/de\/kuehlhaus\/#breadcrumb","itemListElement":[{"@type":"ListItem","position":1,"name":"Home","item":"https:\/\/www.bullmeat.com\/de\/"},{"@type":"ListItem","position":2,"name":"K\u00fchlhaus"}]},{"@type":"WebSite","@id":"https:\/\/www.bullmeat.com\/en\/#website","url":"https:\/\/www.bullmeat.com\/en\/","name":"Bullmeat","description":"","potentialAction":[{"@type":"SearchAction","target":{"@type":"EntryPoint","urlTemplate":"https:\/\/www.bullmeat.com\/en\/?s={search_term_string}"},"query-input":{"@type":"PropertyValueSpecification","valueRequired":true,"valueName":"search_term_string"}}],"inLanguage":"de"}]}},"_links":{"self":[{"href":"https:\/\/www.bullmeat.com\/de\/wp-json\/wp\/v2\/pages\/1244","targetHints":{"allow":["GET"]}}],"collection":[{"href":"https:\/\/www.bullmeat.com\/de\/wp-json\/wp\/v2\/pages"}],"about":[{"href":"https:\/\/www.bullmeat.com\/de\/wp-json\/wp\/v2\/types\/page"}],"author":[{"embeddable":true,"href":"https:\/\/www.bullmeat.com\/de\/wp-json\/wp\/v2\/users\/2"}],"replies":[{"embeddable":true,"href":"https:\/\/www.bullmeat.com\/de\/wp-json\/wp\/v2\/comments?post=1244"}],"version-history":[{"count":2,"href":"https:\/\/www.bullmeat.com\/de\/wp-json\/wp\/v2\/pages\/1244\/revisions"}],"predecessor-version":[{"id":1273,"href":"https:\/\/www.bullmeat.com\/de\/wp-json\/wp\/v2\/pages\/1244\/revisions\/1273"}],"wp:attachment":[{"href":"https:\/\/www.bullmeat.com\/de\/wp-json\/wp\/v2\/media?parent=1244"}],"curies":[{"name":"wp","href":"https:\/\/api.w.org\/{rel}","templated":true}]}}