{"id":1251,"date":"2018-04-18T16:08:09","date_gmt":"2018-04-18T14:08:09","guid":{"rendered":"https:\/\/www.bullmeat.com\/?page_id=1251"},"modified":"2023-02-16T12:05:37","modified_gmt":"2023-02-16T11:05:37","slug":"qualitaet","status":"publish","type":"page","link":"https:\/\/www.bullmeat.com\/de\/qualitaet\/","title":{"rendered":"Qualit\u00e4t"},"content":{"rendered":"<p>Bull Meat B.V. ist seit 2015 FSSC 22000 zertifiziert. Lebensmittelsicherheit und die Qualit\u00e4t unserer Produkte sind uns sehr wichtig. Unsere Politik und unser Qualit\u00e4tssystem sind darauf ausgerichtet, diese so gut wie m\u00f6glich zu gew\u00e4hrleisten. In den letzten 20 Jahren haben wir umfangreiche Erfahrungen im Einkauf und Import von Produkten gesammelt. Es wurde ein gro\u00dfes Netzwerk mit zuverl\u00e4ssigen Lieferanten aufgebaut, die unsere Anforderungen erf\u00fcllen k\u00f6nnen. Die Produkte und Lieferanten werden regelm\u00e4\u00dfig von uns \u00fcberpr\u00fcft.<\/p>\n<p>Wir haben jetzt ein umfangreiches Sortiment an Fisch- und Fleischprodukten, die oft direkt ab Lager lieferbar sind. Neben der Lieferung von Produkten k\u00f6nnen Sie uns auch f\u00fcr eine entsprechende Beratung und Information \u00fcber unsere Produkte kontaktieren.<\/p>\n<p><img loading=\"lazy\" decoding=\"async\" width=\"250\" height=\"167\" class=\"alignnone size-medium wp-image-1231\" src=\"https:\/\/www.bullmeat.com\/wp-content\/uploads\/2018\/02\/iStock_000011872661Medium-250x167.jpg\" alt=\"\" srcset=\"https:\/\/www.bullmeat.com\/wp-content\/uploads\/2018\/02\/iStock_000011872661Medium-250x167.jpg 250w, https:\/\/www.bullmeat.com\/wp-content\/uploads\/2018\/02\/iStock_000011872661Medium-768x512.jpg 768w, https:\/\/www.bullmeat.com\/wp-content\/uploads\/2018\/02\/iStock_000011872661Medium-1000x666.jpg 1000w, https:\/\/www.bullmeat.com\/wp-content\/uploads\/2018\/02\/iStock_000011872661Medium-120x80.jpg 120w, https:\/\/www.bullmeat.com\/wp-content\/uploads\/2018\/02\/iStock_000011872661Medium-450x300.jpg 450w, https:\/\/www.bullmeat.com\/wp-content\/uploads\/2018\/02\/iStock_000011872661Medium.jpg 1698w\" sizes=\"auto, (max-width: 250px) 100vw, 250px\" \/><\/p>\n<p>&nbsp;<\/p>\n","protected":false},"excerpt":{"rendered":"Bull Meat B.V. ist seit 2015 FSSC 22000 zertifiziert. Lebensmittelsicherheit&#8230; <a class=\"view-article\" href=\"https:\/\/www.bullmeat.com\/de\/qualitaet\/\">Artikel ansehen<\/a>","protected":false},"author":2,"featured_media":0,"parent":0,"menu_order":0,"comment_status":"closed","ping_status":"closed","template":"","meta":{"_acf_changed":false,"footnotes":""},"class_list":["post-1251","page","type-page","status-publish","hentry"],"acf":[],"yoast_head":"<!-- This site is optimized with the Yoast SEO plugin v27.1.1 - https:\/\/yoast.com\/product\/yoast-seo-wordpress\/ -->\n<title>Qualit\u00e4t - Bullmeat<\/title>\n<meta name=\"robots\" content=\"index, follow, max-snippet:-1, max-image-preview:large, max-video-preview:-1\" \/>\n<link rel=\"canonical\" href=\"https:\/\/www.bullmeat.com\/de\/qualitaet\/\" \/>\n<meta property=\"og:locale\" content=\"de_DE\" \/>\n<meta property=\"og:type\" content=\"article\" \/>\n<meta property=\"og:title\" content=\"Qualit\u00e4t - Bullmeat\" \/>\n<meta property=\"og:description\" content=\"Bull Meat B.V. ist seit 2015 FSSC 22000 zertifiziert. Lebensmittelsicherheit... Artikel ansehen\" \/>\n<meta property=\"og:url\" content=\"https:\/\/www.bullmeat.com\/de\/qualitaet\/\" \/>\n<meta property=\"og:site_name\" content=\"Bullmeat\" \/>\n<meta property=\"article:modified_time\" content=\"2023-02-16T11:05:37+00:00\" \/>\n<meta property=\"og:image\" content=\"https:\/\/www.bullmeat.com\/wp-content\/uploads\/2018\/02\/iStock_000011872661Medium-1000x666.jpg\" \/>\n\t<meta property=\"og:image:width\" content=\"1000\" \/>\n\t<meta property=\"og:image:height\" content=\"666\" \/>\n\t<meta property=\"og:image:type\" content=\"image\/jpeg\" \/>\n<meta name=\"twitter:card\" content=\"summary_large_image\" \/>\n<meta name=\"twitter:label1\" content=\"Gesch\u00e4tzte Lesezeit\" \/>\n\t<meta name=\"twitter:data1\" content=\"1\u00a0Minute\" \/>\n<script type=\"application\/ld+json\" class=\"yoast-schema-graph\">{\"@context\":\"https:\/\/schema.org\",\"@graph\":[{\"@type\":\"WebPage\",\"@id\":\"https:\/\/www.bullmeat.com\/de\/qualitaet\/\",\"url\":\"https:\/\/www.bullmeat.com\/de\/qualitaet\/\",\"name\":\"Qualit\u00e4t - Bullmeat\",\"isPartOf\":{\"@id\":\"https:\/\/www.bullmeat.com\/en\/#website\"},\"primaryImageOfPage\":{\"@id\":\"https:\/\/www.bullmeat.com\/de\/qualitaet\/#primaryimage\"},\"image\":{\"@id\":\"https:\/\/www.bullmeat.com\/de\/qualitaet\/#primaryimage\"},\"thumbnailUrl\":\"https:\/\/www.bullmeat.com\/wp-content\/uploads\/2018\/02\/iStock_000011872661Medium-250x167.jpg\",\"datePublished\":\"2018-04-18T14:08:09+00:00\",\"dateModified\":\"2023-02-16T11:05:37+00:00\",\"breadcrumb\":{\"@id\":\"https:\/\/www.bullmeat.com\/de\/qualitaet\/#breadcrumb\"},\"inLanguage\":\"de\",\"potentialAction\":[{\"@type\":\"ReadAction\",\"target\":[\"https:\/\/www.bullmeat.com\/de\/qualitaet\/\"]}]},{\"@type\":\"ImageObject\",\"inLanguage\":\"de\",\"@id\":\"https:\/\/www.bullmeat.com\/de\/qualitaet\/#primaryimage\",\"url\":\"https:\/\/www.bullmeat.com\/wp-content\/uploads\/2018\/02\/iStock_000011872661Medium-250x167.jpg\",\"contentUrl\":\"https:\/\/www.bullmeat.com\/wp-content\/uploads\/2018\/02\/iStock_000011872661Medium-250x167.jpg\"},{\"@type\":\"BreadcrumbList\",\"@id\":\"https:\/\/www.bullmeat.com\/de\/qualitaet\/#breadcrumb\",\"itemListElement\":[{\"@type\":\"ListItem\",\"position\":1,\"name\":\"Home\",\"item\":\"https:\/\/www.bullmeat.com\/de\/\"},{\"@type\":\"ListItem\",\"position\":2,\"name\":\"Qualit\u00e4t\"}]},{\"@type\":\"WebSite\",\"@id\":\"https:\/\/www.bullmeat.com\/en\/#website\",\"url\":\"https:\/\/www.bullmeat.com\/en\/\",\"name\":\"Bullmeat\",\"description\":\"\",\"potentialAction\":[{\"@type\":\"SearchAction\",\"target\":{\"@type\":\"EntryPoint\",\"urlTemplate\":\"https:\/\/www.bullmeat.com\/en\/?s={search_term_string}\"},\"query-input\":{\"@type\":\"PropertyValueSpecification\",\"valueRequired\":true,\"valueName\":\"search_term_string\"}}],\"inLanguage\":\"de\"}]}<\/script>\n<!-- \/ Yoast SEO plugin. -->","yoast_head_json":{"title":"Qualit\u00e4t - Bullmeat","robots":{"index":"index","follow":"follow","max-snippet":"max-snippet:-1","max-image-preview":"max-image-preview:large","max-video-preview":"max-video-preview:-1"},"canonical":"https:\/\/www.bullmeat.com\/de\/qualitaet\/","og_locale":"de_DE","og_type":"article","og_title":"Qualit\u00e4t - Bullmeat","og_description":"Bull Meat B.V. ist seit 2015 FSSC 22000 zertifiziert. Lebensmittelsicherheit... Artikel ansehen","og_url":"https:\/\/www.bullmeat.com\/de\/qualitaet\/","og_site_name":"Bullmeat","article_modified_time":"2023-02-16T11:05:37+00:00","og_image":[{"width":1000,"height":666,"url":"https:\/\/www.bullmeat.com\/wp-content\/uploads\/2018\/02\/iStock_000011872661Medium-1000x666.jpg","type":"image\/jpeg"}],"twitter_card":"summary_large_image","twitter_misc":{"Gesch\u00e4tzte Lesezeit":"1\u00a0Minute"},"schema":{"@context":"https:\/\/schema.org","@graph":[{"@type":"WebPage","@id":"https:\/\/www.bullmeat.com\/de\/qualitaet\/","url":"https:\/\/www.bullmeat.com\/de\/qualitaet\/","name":"Qualit\u00e4t - Bullmeat","isPartOf":{"@id":"https:\/\/www.bullmeat.com\/en\/#website"},"primaryImageOfPage":{"@id":"https:\/\/www.bullmeat.com\/de\/qualitaet\/#primaryimage"},"image":{"@id":"https:\/\/www.bullmeat.com\/de\/qualitaet\/#primaryimage"},"thumbnailUrl":"https:\/\/www.bullmeat.com\/wp-content\/uploads\/2018\/02\/iStock_000011872661Medium-250x167.jpg","datePublished":"2018-04-18T14:08:09+00:00","dateModified":"2023-02-16T11:05:37+00:00","breadcrumb":{"@id":"https:\/\/www.bullmeat.com\/de\/qualitaet\/#breadcrumb"},"inLanguage":"de","potentialAction":[{"@type":"ReadAction","target":["https:\/\/www.bullmeat.com\/de\/qualitaet\/"]}]},{"@type":"ImageObject","inLanguage":"de","@id":"https:\/\/www.bullmeat.com\/de\/qualitaet\/#primaryimage","url":"https:\/\/www.bullmeat.com\/wp-content\/uploads\/2018\/02\/iStock_000011872661Medium-250x167.jpg","contentUrl":"https:\/\/www.bullmeat.com\/wp-content\/uploads\/2018\/02\/iStock_000011872661Medium-250x167.jpg"},{"@type":"BreadcrumbList","@id":"https:\/\/www.bullmeat.com\/de\/qualitaet\/#breadcrumb","itemListElement":[{"@type":"ListItem","position":1,"name":"Home","item":"https:\/\/www.bullmeat.com\/de\/"},{"@type":"ListItem","position":2,"name":"Qualit\u00e4t"}]},{"@type":"WebSite","@id":"https:\/\/www.bullmeat.com\/en\/#website","url":"https:\/\/www.bullmeat.com\/en\/","name":"Bullmeat","description":"","potentialAction":[{"@type":"SearchAction","target":{"@type":"EntryPoint","urlTemplate":"https:\/\/www.bullmeat.com\/en\/?s={search_term_string}"},"query-input":{"@type":"PropertyValueSpecification","valueRequired":true,"valueName":"search_term_string"}}],"inLanguage":"de"}]}},"_links":{"self":[{"href":"https:\/\/www.bullmeat.com\/de\/wp-json\/wp\/v2\/pages\/1251","targetHints":{"allow":["GET"]}}],"collection":[{"href":"https:\/\/www.bullmeat.com\/de\/wp-json\/wp\/v2\/pages"}],"about":[{"href":"https:\/\/www.bullmeat.com\/de\/wp-json\/wp\/v2\/types\/page"}],"author":[{"embeddable":true,"href":"https:\/\/www.bullmeat.com\/de\/wp-json\/wp\/v2\/users\/2"}],"replies":[{"embeddable":true,"href":"https:\/\/www.bullmeat.com\/de\/wp-json\/wp\/v2\/comments?post=1251"}],"version-history":[{"count":5,"href":"https:\/\/www.bullmeat.com\/de\/wp-json\/wp\/v2\/pages\/1251\/revisions"}],"predecessor-version":[{"id":1341,"href":"https:\/\/www.bullmeat.com\/de\/wp-json\/wp\/v2\/pages\/1251\/revisions\/1341"}],"wp:attachment":[{"href":"https:\/\/www.bullmeat.com\/de\/wp-json\/wp\/v2\/media?parent=1251"}],"curies":[{"name":"wp","href":"https:\/\/api.w.org\/{rel}","templated":true}]}}