{"id":821,"date":"2016-07-04T13:06:00","date_gmt":"2016-07-04T11:06:00","guid":{"rendered":"http:\/\/www.bullmeat.com\/de\/winkel\/niet-gecategoriseerd\/black-tiger-scampis-zonder-kop-blokken\/"},"modified":"2018-02-05T14:42:01","modified_gmt":"2018-02-05T13:42:01","slug":"black-tiger-vannamei-garnelen-ohne-kopf-blocke","status":"publish","type":"product","link":"https:\/\/www.bullmeat.com\/de\/produkt\/black-tiger-vannamei-garnelen-ohne-kopf-blocke\/","title":{"rendered":"BLACK TIGER \/ VANNAMEI GARNELEN OHNE KOPF, BL\u00d6CKE"},"content":{"rendered":"","protected":false},"excerpt":{"rendered":"<p class=\"bodytext\">Verpackung : 6 x 1.2kg<\/p>\r\n<p class=\"bodytext\">Gr\u00f6\u00dfen : 8-12, 13-15, 16-20, 21-25, 26-30<\/p>\r\n<p class=\"bodytext\">Lateinischer Name : Penaeus monodon<\/p>\r\n<p class=\"bodytext\">Herkunft : Bangladesh \/ India<\/p>","protected":false},"featured_media":255,"comment_status":"open","ping_status":"closed","template":"","meta":{"_acf_changed":false},"product_brand":[],"product_cat":[114],"product_tag":[],"class_list":{"0":"post-821","1":"product","2":"type-product","3":"status-publish","4":"has-post-thumbnail","6":"product_cat-garnelen-ohne-kopf-de","8":"first","9":"instock","10":"shipping-taxable","11":"product-type-simple"},"acf":[],"yoast_head":"<!-- This site is optimized with the Yoast SEO plugin v27.1.1 - https:\/\/yoast.com\/product\/yoast-seo-wordpress\/ -->\n<title>BLACK TIGER \/ VANNAMEI GARNELEN OHNE KOPF, BL\u00d6CKE - Bullmeat<\/title>\n<meta name=\"robots\" content=\"index, follow, max-snippet:-1, max-image-preview:large, max-video-preview:-1\" \/>\n<link rel=\"canonical\" href=\"https:\/\/www.bullmeat.com\/produkt\/black-tiger-vannamei-scampis-zonder-kop-blokken\/\" \/>\n<meta property=\"og:locale\" content=\"de_DE\" \/>\n<meta property=\"og:type\" content=\"article\" \/>\n<meta property=\"og:title\" content=\"BLACK TIGER \/ VANNAMEI GARNELEN OHNE KOPF, BL\u00d6CKE - Bullmeat\" \/>\n<meta property=\"og:description\" content=\"Verpackung : 6 x 1.2kg Gr\u00f6\u00dfen : 8-12, 13-15, 16-20, 21-25, 26-30 Lateinischer Name : Penaeus monodon Herkunft : Bangladesh \/ India\" \/>\n<meta property=\"og:url\" content=\"https:\/\/www.bullmeat.com\/produkt\/black-tiger-vannamei-scampis-zonder-kop-blokken\/\" \/>\n<meta property=\"og:site_name\" content=\"Bullmeat\" \/>\n<meta property=\"article:modified_time\" content=\"2018-02-05T13:42:01+00:00\" \/>\n<meta property=\"og:image\" content=\"https:\/\/www.bullmeat.com\/wp-content\/uploads\/2016\/07\/e06dda959d.jpg\" \/>\n\t<meta property=\"og:image:width\" content=\"600\" \/>\n\t<meta property=\"og:image:height\" content=\"600\" \/>\n\t<meta property=\"og:image:type\" content=\"image\/jpeg\" \/>\n<meta name=\"twitter:card\" content=\"summary_large_image\" \/>\n<script type=\"application\/ld+json\" class=\"yoast-schema-graph\">{\"@context\":\"https:\/\/schema.org\",\"@graph\":[{\"@type\":\"WebPage\",\"@id\":\"https:\/\/www.bullmeat.com\/produkt\/black-tiger-vannamei-scampis-zonder-kop-blokken\/\",\"url\":\"https:\/\/www.bullmeat.com\/produkt\/black-tiger-vannamei-scampis-zonder-kop-blokken\/\",\"name\":\"BLACK TIGER \/ VANNAMEI GARNELEN OHNE KOPF, BL\u00d6CKE - Bullmeat\",\"isPartOf\":{\"@id\":\"https:\/\/www.bullmeat.com\/en\/#website\"},\"primaryImageOfPage\":{\"@id\":\"https:\/\/www.bullmeat.com\/produkt\/black-tiger-vannamei-scampis-zonder-kop-blokken\/#primaryimage\"},\"image\":{\"@id\":\"https:\/\/www.bullmeat.com\/produkt\/black-tiger-vannamei-scampis-zonder-kop-blokken\/#primaryimage\"},\"thumbnailUrl\":\"https:\/\/www.bullmeat.com\/wp-content\/uploads\/2016\/07\/e06dda959d.jpg\",\"datePublished\":\"2016-07-04T11:06:00+00:00\",\"dateModified\":\"2018-02-05T13:42:01+00:00\",\"breadcrumb\":{\"@id\":\"https:\/\/www.bullmeat.com\/produkt\/black-tiger-vannamei-scampis-zonder-kop-blokken\/#breadcrumb\"},\"inLanguage\":\"de\",\"potentialAction\":[{\"@type\":\"ReadAction\",\"target\":[\"https:\/\/www.bullmeat.com\/produkt\/black-tiger-vannamei-scampis-zonder-kop-blokken\/\"]}]},{\"@type\":\"ImageObject\",\"inLanguage\":\"de\",\"@id\":\"https:\/\/www.bullmeat.com\/produkt\/black-tiger-vannamei-scampis-zonder-kop-blokken\/#primaryimage\",\"url\":\"https:\/\/www.bullmeat.com\/wp-content\/uploads\/2016\/07\/e06dda959d.jpg\",\"contentUrl\":\"https:\/\/www.bullmeat.com\/wp-content\/uploads\/2016\/07\/e06dda959d.jpg\",\"width\":600,\"height\":600},{\"@type\":\"BreadcrumbList\",\"@id\":\"https:\/\/www.bullmeat.com\/produkt\/black-tiger-vannamei-scampis-zonder-kop-blokken\/#breadcrumb\",\"itemListElement\":[{\"@type\":\"ListItem\",\"position\":1,\"name\":\"Home\",\"item\":\"https:\/\/www.bullmeat.com\/de\/\"},{\"@type\":\"ListItem\",\"position\":2,\"name\":\"Vis\",\"item\":\"https:\/\/www.bullmeat.com\/cat\/vis\/\"},{\"@type\":\"ListItem\",\"position\":3,\"name\":\"Garnalen\",\"item\":\"https:\/\/www.bullmeat.com\/cat\/vis\/garnalen\/\"},{\"@type\":\"ListItem\",\"position\":4,\"name\":\"Scampi's zonder kop\",\"item\":\"https:\/\/www.bullmeat.com\/cat\/vis\/garnalen\/scampis-zonder-kop\/\"},{\"@type\":\"ListItem\",\"position\":5,\"name\":\"BLACK TIGER \/ VANNAMEI GARNELEN OHNE KOPF, BL\u00d6CKE\"}]},{\"@type\":\"WebSite\",\"@id\":\"https:\/\/www.bullmeat.com\/en\/#website\",\"url\":\"https:\/\/www.bullmeat.com\/en\/\",\"name\":\"Bullmeat\",\"description\":\"\",\"potentialAction\":[{\"@type\":\"SearchAction\",\"target\":{\"@type\":\"EntryPoint\",\"urlTemplate\":\"https:\/\/www.bullmeat.com\/en\/?s={search_term_string}\"},\"query-input\":{\"@type\":\"PropertyValueSpecification\",\"valueRequired\":true,\"valueName\":\"search_term_string\"}}],\"inLanguage\":\"de\"}]}<\/script>\n<!-- \/ Yoast SEO plugin. -->","yoast_head_json":{"title":"BLACK TIGER \/ VANNAMEI GARNELEN OHNE KOPF, BL\u00d6CKE - Bullmeat","robots":{"index":"index","follow":"follow","max-snippet":"max-snippet:-1","max-image-preview":"max-image-preview:large","max-video-preview":"max-video-preview:-1"},"canonical":"https:\/\/www.bullmeat.com\/produkt\/black-tiger-vannamei-scampis-zonder-kop-blokken\/","og_locale":"de_DE","og_type":"article","og_title":"BLACK TIGER \/ VANNAMEI GARNELEN OHNE KOPF, BL\u00d6CKE - Bullmeat","og_description":"Verpackung : 6 x 1.2kg Gr\u00f6\u00dfen : 8-12, 13-15, 16-20, 21-25, 26-30 Lateinischer Name : Penaeus monodon Herkunft : Bangladesh \/ India","og_url":"https:\/\/www.bullmeat.com\/produkt\/black-tiger-vannamei-scampis-zonder-kop-blokken\/","og_site_name":"Bullmeat","article_modified_time":"2018-02-05T13:42:01+00:00","og_image":[{"width":600,"height":600,"url":"https:\/\/www.bullmeat.com\/wp-content\/uploads\/2016\/07\/e06dda959d.jpg","type":"image\/jpeg"}],"twitter_card":"summary_large_image","schema":{"@context":"https:\/\/schema.org","@graph":[{"@type":"WebPage","@id":"https:\/\/www.bullmeat.com\/produkt\/black-tiger-vannamei-scampis-zonder-kop-blokken\/","url":"https:\/\/www.bullmeat.com\/produkt\/black-tiger-vannamei-scampis-zonder-kop-blokken\/","name":"BLACK TIGER \/ VANNAMEI GARNELEN OHNE KOPF, BL\u00d6CKE - Bullmeat","isPartOf":{"@id":"https:\/\/www.bullmeat.com\/en\/#website"},"primaryImageOfPage":{"@id":"https:\/\/www.bullmeat.com\/produkt\/black-tiger-vannamei-scampis-zonder-kop-blokken\/#primaryimage"},"image":{"@id":"https:\/\/www.bullmeat.com\/produkt\/black-tiger-vannamei-scampis-zonder-kop-blokken\/#primaryimage"},"thumbnailUrl":"https:\/\/www.bullmeat.com\/wp-content\/uploads\/2016\/07\/e06dda959d.jpg","datePublished":"2016-07-04T11:06:00+00:00","dateModified":"2018-02-05T13:42:01+00:00","breadcrumb":{"@id":"https:\/\/www.bullmeat.com\/produkt\/black-tiger-vannamei-scampis-zonder-kop-blokken\/#breadcrumb"},"inLanguage":"de","potentialAction":[{"@type":"ReadAction","target":["https:\/\/www.bullmeat.com\/produkt\/black-tiger-vannamei-scampis-zonder-kop-blokken\/"]}]},{"@type":"ImageObject","inLanguage":"de","@id":"https:\/\/www.bullmeat.com\/produkt\/black-tiger-vannamei-scampis-zonder-kop-blokken\/#primaryimage","url":"https:\/\/www.bullmeat.com\/wp-content\/uploads\/2016\/07\/e06dda959d.jpg","contentUrl":"https:\/\/www.bullmeat.com\/wp-content\/uploads\/2016\/07\/e06dda959d.jpg","width":600,"height":600},{"@type":"BreadcrumbList","@id":"https:\/\/www.bullmeat.com\/produkt\/black-tiger-vannamei-scampis-zonder-kop-blokken\/#breadcrumb","itemListElement":[{"@type":"ListItem","position":1,"name":"Home","item":"https:\/\/www.bullmeat.com\/de\/"},{"@type":"ListItem","position":2,"name":"Vis","item":"https:\/\/www.bullmeat.com\/cat\/vis\/"},{"@type":"ListItem","position":3,"name":"Garnalen","item":"https:\/\/www.bullmeat.com\/cat\/vis\/garnalen\/"},{"@type":"ListItem","position":4,"name":"Scampi's zonder kop","item":"https:\/\/www.bullmeat.com\/cat\/vis\/garnalen\/scampis-zonder-kop\/"},{"@type":"ListItem","position":5,"name":"BLACK TIGER \/ VANNAMEI GARNELEN OHNE KOPF, BL\u00d6CKE"}]},{"@type":"WebSite","@id":"https:\/\/www.bullmeat.com\/en\/#website","url":"https:\/\/www.bullmeat.com\/en\/","name":"Bullmeat","description":"","potentialAction":[{"@type":"SearchAction","target":{"@type":"EntryPoint","urlTemplate":"https:\/\/www.bullmeat.com\/en\/?s={search_term_string}"},"query-input":{"@type":"PropertyValueSpecification","valueRequired":true,"valueName":"search_term_string"}}],"inLanguage":"de"}]}},"_links":{"self":[{"href":"https:\/\/www.bullmeat.com\/de\/wp-json\/wp\/v2\/product\/821","targetHints":{"allow":["GET"]}}],"collection":[{"href":"https:\/\/www.bullmeat.com\/de\/wp-json\/wp\/v2\/product"}],"about":[{"href":"https:\/\/www.bullmeat.com\/de\/wp-json\/wp\/v2\/types\/product"}],"replies":[{"embeddable":true,"href":"https:\/\/www.bullmeat.com\/de\/wp-json\/wp\/v2\/comments?post=821"}],"wp:featuredmedia":[{"embeddable":true,"href":"https:\/\/www.bullmeat.com\/de\/wp-json\/wp\/v2\/media\/255"}],"wp:attachment":[{"href":"https:\/\/www.bullmeat.com\/de\/wp-json\/wp\/v2\/media?parent=821"}],"wp:term":[{"taxonomy":"product_brand","embeddable":true,"href":"https:\/\/www.bullmeat.com\/de\/wp-json\/wp\/v2\/product_brand?post=821"},{"taxonomy":"product_cat","embeddable":true,"href":"https:\/\/www.bullmeat.com\/de\/wp-json\/wp\/v2\/product_cat?post=821"},{"taxonomy":"product_tag","embeddable":true,"href":"https:\/\/www.bullmeat.com\/de\/wp-json\/wp\/v2\/product_tag?post=821"}],"curies":[{"name":"wp","href":"https:\/\/api.w.org\/{rel}","templated":true}]}}