{"id":1247,"date":"2018-04-18T16:04:57","date_gmt":"2018-04-18T14:04:57","guid":{"rendered":"https:\/\/www.bullmeat.com\/?page_id=1247"},"modified":"2018-04-26T13:05:04","modified_gmt":"2018-04-26T11:05:04","slug":"entrepot-frigorifique","status":"publish","type":"page","link":"https:\/\/www.bullmeat.com\/fr\/entrepot-frigorifique\/","title":{"rendered":"Entrep\u00f4t frigorifique"},"content":{"rendered":"<p>En plus de vendre du poisson et des produits carn\u00e9s, nous sommes aussi un entrep\u00f4t frigorifique. Depuis quelques ann\u00e9es nous offrons ce service, par le bouche \u00e0 oreille nous avons d\u00e9j\u00e0 beaucoup de clients diff\u00e9rents qui stockent des produits avec nous. En plus de l&rsquo;entreposage, nous pouvons \u00e9galement pr\u00e9parer les commandes au niveau de la palette et de l&#8217;emballage. Il est possible de stocker vos produits chez nous pour une courte ou longue p\u00e9riode de temps. Nous sommes ouverts cinq jours par semaine et nous pensons que la flexibilit\u00e9 est importante. Pour ce faire, il y a souvent un contact direct entre nos employ\u00e9s et nos clients.<\/p>\n<p>Nos cellules sont \u00e9quip\u00e9es des \u00e9quipements de mesure les plus modernes, ce qui nous permet d&rsquo;enregistrer et de surveiller la temp\u00e9rature \u00e0 tout moment de la journ\u00e9e. Afin de garantir la qualit\u00e9, nous sommes certifi\u00e9s pour le stockage et la distribution BRC. Nous sommes \u00e9galement affili\u00e9s \u00e0 l&rsquo;Association des entrep\u00f4ts frigorifiques n\u00e9erlandais (Nekovri). Nous utilisons une installation CO2 durable et \u00e9conome en \u00e9nergie pour refroidir nos cellules. Notre emplacement est juste \u00e0 c\u00f4t\u00e9 de l&rsquo;A5 \u00e0 Amsterdam, de sorte que nous sommes facilement accessibles.<\/p>\n<p><img loading=\"lazy\" decoding=\"async\" width=\"250\" height=\"386\" class=\"alignnone size-medium wp-image-1267\" src=\"https:\/\/www.bullmeat.com\/wp-content\/uploads\/2018\/04\/NEKOVRI_logo-incl.-tekst-250x386.jpg\" alt=\"\" srcset=\"https:\/\/www.bullmeat.com\/wp-content\/uploads\/2018\/04\/NEKOVRI_logo-incl.-tekst-250x386.jpg 250w, https:\/\/www.bullmeat.com\/wp-content\/uploads\/2018\/04\/NEKOVRI_logo-incl.-tekst-120x185.jpg 120w, https:\/\/www.bullmeat.com\/wp-content\/uploads\/2018\/04\/NEKOVRI_logo-incl.-tekst-194x300.jpg 194w, https:\/\/www.bullmeat.com\/wp-content\/uploads\/2018\/04\/NEKOVRI_logo-incl.-tekst.jpg 650w\" sizes=\"auto, (max-width: 250px) 100vw, 250px\" \/><\/p>\n","protected":false},"excerpt":{"rendered":"En plus de vendre du poisson et des produits carn\u00e9s,&#8230; <a class=\"view-article\" href=\"https:\/\/www.bullmeat.com\/fr\/entrepot-frigorifique\/\">Voir l&rsquo;article<\/a>","protected":false},"author":2,"featured_media":0,"parent":0,"menu_order":0,"comment_status":"closed","ping_status":"closed","template":"","meta":{"_acf_changed":false,"footnotes":""},"class_list":["post-1247","page","type-page","status-publish","hentry"],"acf":[],"yoast_head":"<!-- This site is optimized with the Yoast SEO plugin v27.1.1 - https:\/\/yoast.com\/product\/yoast-seo-wordpress\/ -->\n<title>Entrep\u00f4t frigorifique - Bullmeat<\/title>\n<meta name=\"robots\" content=\"index, follow, max-snippet:-1, max-image-preview:large, max-video-preview:-1\" \/>\n<link rel=\"canonical\" href=\"https:\/\/www.bullmeat.com\/vrieshuis\/\" \/>\n<meta property=\"og:locale\" content=\"fr_FR\" \/>\n<meta property=\"og:type\" content=\"article\" \/>\n<meta property=\"og:title\" content=\"Entrep\u00f4t frigorifique - Bullmeat\" \/>\n<meta property=\"og:description\" content=\"En plus de vendre du poisson et des produits carn\u00e9s,... Voir l&#039;article\" \/>\n<meta property=\"og:url\" content=\"https:\/\/www.bullmeat.com\/vrieshuis\/\" \/>\n<meta property=\"og:site_name\" content=\"Bullmeat\" \/>\n<meta property=\"article:modified_time\" content=\"2018-04-26T11:05:04+00:00\" \/>\n<meta property=\"og:image\" content=\"https:\/\/www.bullmeat.com\/wp-content\/uploads\/2018\/04\/NEKOVRI_logo-incl.-tekst.jpg\" \/>\n\t<meta property=\"og:image:width\" content=\"650\" \/>\n\t<meta property=\"og:image:height\" content=\"1004\" \/>\n\t<meta property=\"og:image:type\" content=\"image\/jpeg\" \/>\n<meta name=\"twitter:card\" content=\"summary_large_image\" \/>\n<meta name=\"twitter:label1\" content=\"Dur\u00e9e de lecture estim\u00e9e\" \/>\n\t<meta name=\"twitter:data1\" content=\"1 minute\" \/>\n<script type=\"application\/ld+json\" class=\"yoast-schema-graph\">{\"@context\":\"https:\/\/schema.org\",\"@graph\":[{\"@type\":\"WebPage\",\"@id\":\"https:\/\/www.bullmeat.com\/vrieshuis\/\",\"url\":\"https:\/\/www.bullmeat.com\/vrieshuis\/\",\"name\":\"Entrep\u00f4t frigorifique - Bullmeat\",\"isPartOf\":{\"@id\":\"https:\/\/www.bullmeat.com\/en\/#website\"},\"primaryImageOfPage\":{\"@id\":\"https:\/\/www.bullmeat.com\/vrieshuis\/#primaryimage\"},\"image\":{\"@id\":\"https:\/\/www.bullmeat.com\/vrieshuis\/#primaryimage\"},\"thumbnailUrl\":\"https:\/\/www.bullmeat.com\/wp-content\/uploads\/2018\/04\/NEKOVRI_logo-incl.-tekst-250x386.jpg\",\"datePublished\":\"2018-04-18T14:04:57+00:00\",\"dateModified\":\"2018-04-26T11:05:04+00:00\",\"breadcrumb\":{\"@id\":\"https:\/\/www.bullmeat.com\/vrieshuis\/#breadcrumb\"},\"inLanguage\":\"fr-FR\",\"potentialAction\":[{\"@type\":\"ReadAction\",\"target\":[\"https:\/\/www.bullmeat.com\/vrieshuis\/\"]}]},{\"@type\":\"ImageObject\",\"inLanguage\":\"fr-FR\",\"@id\":\"https:\/\/www.bullmeat.com\/vrieshuis\/#primaryimage\",\"url\":\"https:\/\/www.bullmeat.com\/wp-content\/uploads\/2018\/04\/NEKOVRI_logo-incl.-tekst-250x386.jpg\",\"contentUrl\":\"https:\/\/www.bullmeat.com\/wp-content\/uploads\/2018\/04\/NEKOVRI_logo-incl.-tekst-250x386.jpg\"},{\"@type\":\"BreadcrumbList\",\"@id\":\"https:\/\/www.bullmeat.com\/vrieshuis\/#breadcrumb\",\"itemListElement\":[{\"@type\":\"ListItem\",\"position\":1,\"name\":\"Home\",\"item\":\"https:\/\/www.bullmeat.com\/fr\/\"},{\"@type\":\"ListItem\",\"position\":2,\"name\":\"Entrep\u00f4t frigorifique\"}]},{\"@type\":\"WebSite\",\"@id\":\"https:\/\/www.bullmeat.com\/en\/#website\",\"url\":\"https:\/\/www.bullmeat.com\/en\/\",\"name\":\"Bullmeat\",\"description\":\"\",\"potentialAction\":[{\"@type\":\"SearchAction\",\"target\":{\"@type\":\"EntryPoint\",\"urlTemplate\":\"https:\/\/www.bullmeat.com\/en\/?s={search_term_string}\"},\"query-input\":{\"@type\":\"PropertyValueSpecification\",\"valueRequired\":true,\"valueName\":\"search_term_string\"}}],\"inLanguage\":\"fr-FR\"}]}<\/script>\n<!-- \/ Yoast SEO plugin. -->","yoast_head_json":{"title":"Entrep\u00f4t frigorifique - Bullmeat","robots":{"index":"index","follow":"follow","max-snippet":"max-snippet:-1","max-image-preview":"max-image-preview:large","max-video-preview":"max-video-preview:-1"},"canonical":"https:\/\/www.bullmeat.com\/vrieshuis\/","og_locale":"fr_FR","og_type":"article","og_title":"Entrep\u00f4t frigorifique - Bullmeat","og_description":"En plus de vendre du poisson et des produits carn\u00e9s,... Voir l'article","og_url":"https:\/\/www.bullmeat.com\/vrieshuis\/","og_site_name":"Bullmeat","article_modified_time":"2018-04-26T11:05:04+00:00","og_image":[{"width":650,"height":1004,"url":"https:\/\/www.bullmeat.com\/wp-content\/uploads\/2018\/04\/NEKOVRI_logo-incl.-tekst.jpg","type":"image\/jpeg"}],"twitter_card":"summary_large_image","twitter_misc":{"Dur\u00e9e de lecture estim\u00e9e":"1 minute"},"schema":{"@context":"https:\/\/schema.org","@graph":[{"@type":"WebPage","@id":"https:\/\/www.bullmeat.com\/vrieshuis\/","url":"https:\/\/www.bullmeat.com\/vrieshuis\/","name":"Entrep\u00f4t frigorifique - Bullmeat","isPartOf":{"@id":"https:\/\/www.bullmeat.com\/en\/#website"},"primaryImageOfPage":{"@id":"https:\/\/www.bullmeat.com\/vrieshuis\/#primaryimage"},"image":{"@id":"https:\/\/www.bullmeat.com\/vrieshuis\/#primaryimage"},"thumbnailUrl":"https:\/\/www.bullmeat.com\/wp-content\/uploads\/2018\/04\/NEKOVRI_logo-incl.-tekst-250x386.jpg","datePublished":"2018-04-18T14:04:57+00:00","dateModified":"2018-04-26T11:05:04+00:00","breadcrumb":{"@id":"https:\/\/www.bullmeat.com\/vrieshuis\/#breadcrumb"},"inLanguage":"fr-FR","potentialAction":[{"@type":"ReadAction","target":["https:\/\/www.bullmeat.com\/vrieshuis\/"]}]},{"@type":"ImageObject","inLanguage":"fr-FR","@id":"https:\/\/www.bullmeat.com\/vrieshuis\/#primaryimage","url":"https:\/\/www.bullmeat.com\/wp-content\/uploads\/2018\/04\/NEKOVRI_logo-incl.-tekst-250x386.jpg","contentUrl":"https:\/\/www.bullmeat.com\/wp-content\/uploads\/2018\/04\/NEKOVRI_logo-incl.-tekst-250x386.jpg"},{"@type":"BreadcrumbList","@id":"https:\/\/www.bullmeat.com\/vrieshuis\/#breadcrumb","itemListElement":[{"@type":"ListItem","position":1,"name":"Home","item":"https:\/\/www.bullmeat.com\/fr\/"},{"@type":"ListItem","position":2,"name":"Entrep\u00f4t frigorifique"}]},{"@type":"WebSite","@id":"https:\/\/www.bullmeat.com\/en\/#website","url":"https:\/\/www.bullmeat.com\/en\/","name":"Bullmeat","description":"","potentialAction":[{"@type":"SearchAction","target":{"@type":"EntryPoint","urlTemplate":"https:\/\/www.bullmeat.com\/en\/?s={search_term_string}"},"query-input":{"@type":"PropertyValueSpecification","valueRequired":true,"valueName":"search_term_string"}}],"inLanguage":"fr-FR"}]}},"_links":{"self":[{"href":"https:\/\/www.bullmeat.com\/fr\/wp-json\/wp\/v2\/pages\/1247","targetHints":{"allow":["GET"]}}],"collection":[{"href":"https:\/\/www.bullmeat.com\/fr\/wp-json\/wp\/v2\/pages"}],"about":[{"href":"https:\/\/www.bullmeat.com\/fr\/wp-json\/wp\/v2\/types\/page"}],"author":[{"embeddable":true,"href":"https:\/\/www.bullmeat.com\/fr\/wp-json\/wp\/v2\/users\/2"}],"replies":[{"embeddable":true,"href":"https:\/\/www.bullmeat.com\/fr\/wp-json\/wp\/v2\/comments?post=1247"}],"version-history":[{"count":2,"href":"https:\/\/www.bullmeat.com\/fr\/wp-json\/wp\/v2\/pages\/1247\/revisions"}],"predecessor-version":[{"id":1272,"href":"https:\/\/www.bullmeat.com\/fr\/wp-json\/wp\/v2\/pages\/1247\/revisions\/1272"}],"wp:attachment":[{"href":"https:\/\/www.bullmeat.com\/fr\/wp-json\/wp\/v2\/media?parent=1247"}],"curies":[{"name":"wp","href":"https:\/\/api.w.org\/{rel}","templated":true}]}}