{"id":1253,"date":"2018-04-18T16:10:07","date_gmt":"2018-04-18T14:10:07","guid":{"rendered":"https:\/\/www.bullmeat.com\/?page_id=1253"},"modified":"2023-02-16T12:01:39","modified_gmt":"2023-02-16T11:01:39","slug":"qualite","status":"publish","type":"page","link":"https:\/\/www.bullmeat.com\/fr\/qualite\/","title":{"rendered":"Qualit\u00e9"},"content":{"rendered":"<p>Bull Meat B.V. est certifi\u00e9 FSSC 22000 depuis 2015. La s\u00e9curit\u00e9 alimentaire et la qualit\u00e9 de nos produits sont tr\u00e8s importantes pour nous. Notre politique et notre syst\u00e8me de qualit\u00e9 visent \u00e0 les garantir au mieux. Au cours des 20 derni\u00e8res ann\u00e9es, nous avons acquis une vaste exp\u00e9rience dans l&rsquo;achat et l&rsquo;importation de produits. Un vaste r\u00e9seau a \u00e9t\u00e9 cr\u00e9\u00e9 avec des fournisseurs fiables, capables de r\u00e9pondre \u00e0 nos exigences. Les produits et les fournisseurs sont r\u00e9guli\u00e8rement contr\u00f4l\u00e9s par nos soins.<\/p>\n<p>Nous disposons aujourd&rsquo;hui d&rsquo;un vaste assortiment de produits \u00e0 base de poisson et de viande, qui sont souvent disponibles directement en stock. En plus de la fourniture de produits, vous pouvez \u00e9galement nous contacter pour obtenir des conseils et des informations sur nos produits.<\/p>\n<p><img loading=\"lazy\" decoding=\"async\" width=\"250\" height=\"167\" class=\"alignnone size-medium wp-image-1231\" src=\"https:\/\/www.bullmeat.com\/wp-content\/uploads\/2018\/02\/iStock_000011872661Medium-250x167.jpg\" alt=\"\" srcset=\"https:\/\/www.bullmeat.com\/wp-content\/uploads\/2018\/02\/iStock_000011872661Medium-250x167.jpg 250w, https:\/\/www.bullmeat.com\/wp-content\/uploads\/2018\/02\/iStock_000011872661Medium-768x512.jpg 768w, https:\/\/www.bullmeat.com\/wp-content\/uploads\/2018\/02\/iStock_000011872661Medium-1000x666.jpg 1000w, https:\/\/www.bullmeat.com\/wp-content\/uploads\/2018\/02\/iStock_000011872661Medium-120x80.jpg 120w, https:\/\/www.bullmeat.com\/wp-content\/uploads\/2018\/02\/iStock_000011872661Medium-450x300.jpg 450w, https:\/\/www.bullmeat.com\/wp-content\/uploads\/2018\/02\/iStock_000011872661Medium.jpg 1698w\" sizes=\"auto, (max-width: 250px) 100vw, 250px\" \/><\/p>\n","protected":false},"excerpt":{"rendered":"Bull Meat B.V. est certifi\u00e9 FSSC 22000 depuis 2015. La&#8230; <a class=\"view-article\" href=\"https:\/\/www.bullmeat.com\/fr\/qualite\/\">Voir l&rsquo;article<\/a>","protected":false},"author":2,"featured_media":0,"parent":0,"menu_order":0,"comment_status":"closed","ping_status":"closed","template":"","meta":{"_acf_changed":false,"footnotes":""},"class_list":["post-1253","page","type-page","status-publish","hentry"],"acf":[],"yoast_head":"<!-- This site is optimized with the Yoast SEO plugin v27.1.1 - https:\/\/yoast.com\/product\/yoast-seo-wordpress\/ -->\n<title>Qualit\u00e9 - Bullmeat<\/title>\n<meta name=\"robots\" content=\"index, follow, max-snippet:-1, max-image-preview:large, max-video-preview:-1\" \/>\n<link rel=\"canonical\" href=\"https:\/\/www.bullmeat.com\/kwaliteit\/\" \/>\n<meta property=\"og:locale\" content=\"fr_FR\" \/>\n<meta property=\"og:type\" content=\"article\" \/>\n<meta property=\"og:title\" content=\"Qualit\u00e9 - Bullmeat\" \/>\n<meta property=\"og:description\" content=\"Bull Meat B.V. est certifi\u00e9 FSSC 22000 depuis 2015. La... Voir l&#039;article\" \/>\n<meta property=\"og:url\" content=\"https:\/\/www.bullmeat.com\/kwaliteit\/\" \/>\n<meta property=\"og:site_name\" content=\"Bullmeat\" \/>\n<meta property=\"article:modified_time\" content=\"2023-02-16T11:01:39+00:00\" \/>\n<meta property=\"og:image\" content=\"https:\/\/www.bullmeat.com\/wp-content\/uploads\/2018\/02\/iStock_000011872661Medium-1000x666.jpg\" \/>\n\t<meta property=\"og:image:width\" content=\"1000\" \/>\n\t<meta property=\"og:image:height\" content=\"666\" \/>\n\t<meta property=\"og:image:type\" content=\"image\/jpeg\" \/>\n<meta name=\"twitter:card\" content=\"summary_large_image\" \/>\n<meta name=\"twitter:label1\" content=\"Dur\u00e9e de lecture estim\u00e9e\" \/>\n\t<meta name=\"twitter:data1\" content=\"1 minute\" \/>\n<script type=\"application\/ld+json\" class=\"yoast-schema-graph\">{\"@context\":\"https:\/\/schema.org\",\"@graph\":[{\"@type\":\"WebPage\",\"@id\":\"https:\/\/www.bullmeat.com\/kwaliteit\/\",\"url\":\"https:\/\/www.bullmeat.com\/kwaliteit\/\",\"name\":\"Qualit\u00e9 - Bullmeat\",\"isPartOf\":{\"@id\":\"https:\/\/www.bullmeat.com\/en\/#website\"},\"primaryImageOfPage\":{\"@id\":\"https:\/\/www.bullmeat.com\/kwaliteit\/#primaryimage\"},\"image\":{\"@id\":\"https:\/\/www.bullmeat.com\/kwaliteit\/#primaryimage\"},\"thumbnailUrl\":\"https:\/\/www.bullmeat.com\/wp-content\/uploads\/2018\/02\/iStock_000011872661Medium-250x167.jpg\",\"datePublished\":\"2018-04-18T14:10:07+00:00\",\"dateModified\":\"2023-02-16T11:01:39+00:00\",\"breadcrumb\":{\"@id\":\"https:\/\/www.bullmeat.com\/kwaliteit\/#breadcrumb\"},\"inLanguage\":\"fr-FR\",\"potentialAction\":[{\"@type\":\"ReadAction\",\"target\":[\"https:\/\/www.bullmeat.com\/kwaliteit\/\"]}]},{\"@type\":\"ImageObject\",\"inLanguage\":\"fr-FR\",\"@id\":\"https:\/\/www.bullmeat.com\/kwaliteit\/#primaryimage\",\"url\":\"https:\/\/www.bullmeat.com\/wp-content\/uploads\/2018\/02\/iStock_000011872661Medium-250x167.jpg\",\"contentUrl\":\"https:\/\/www.bullmeat.com\/wp-content\/uploads\/2018\/02\/iStock_000011872661Medium-250x167.jpg\"},{\"@type\":\"BreadcrumbList\",\"@id\":\"https:\/\/www.bullmeat.com\/kwaliteit\/#breadcrumb\",\"itemListElement\":[{\"@type\":\"ListItem\",\"position\":1,\"name\":\"Home\",\"item\":\"https:\/\/www.bullmeat.com\/fr\/\"},{\"@type\":\"ListItem\",\"position\":2,\"name\":\"Qualit\u00e9\"}]},{\"@type\":\"WebSite\",\"@id\":\"https:\/\/www.bullmeat.com\/en\/#website\",\"url\":\"https:\/\/www.bullmeat.com\/en\/\",\"name\":\"Bullmeat\",\"description\":\"\",\"potentialAction\":[{\"@type\":\"SearchAction\",\"target\":{\"@type\":\"EntryPoint\",\"urlTemplate\":\"https:\/\/www.bullmeat.com\/en\/?s={search_term_string}\"},\"query-input\":{\"@type\":\"PropertyValueSpecification\",\"valueRequired\":true,\"valueName\":\"search_term_string\"}}],\"inLanguage\":\"fr-FR\"}]}<\/script>\n<!-- \/ Yoast SEO plugin. -->","yoast_head_json":{"title":"Qualit\u00e9 - Bullmeat","robots":{"index":"index","follow":"follow","max-snippet":"max-snippet:-1","max-image-preview":"max-image-preview:large","max-video-preview":"max-video-preview:-1"},"canonical":"https:\/\/www.bullmeat.com\/kwaliteit\/","og_locale":"fr_FR","og_type":"article","og_title":"Qualit\u00e9 - Bullmeat","og_description":"Bull Meat B.V. est certifi\u00e9 FSSC 22000 depuis 2015. La... Voir l'article","og_url":"https:\/\/www.bullmeat.com\/kwaliteit\/","og_site_name":"Bullmeat","article_modified_time":"2023-02-16T11:01:39+00:00","og_image":[{"width":1000,"height":666,"url":"https:\/\/www.bullmeat.com\/wp-content\/uploads\/2018\/02\/iStock_000011872661Medium-1000x666.jpg","type":"image\/jpeg"}],"twitter_card":"summary_large_image","twitter_misc":{"Dur\u00e9e de lecture estim\u00e9e":"1 minute"},"schema":{"@context":"https:\/\/schema.org","@graph":[{"@type":"WebPage","@id":"https:\/\/www.bullmeat.com\/kwaliteit\/","url":"https:\/\/www.bullmeat.com\/kwaliteit\/","name":"Qualit\u00e9 - Bullmeat","isPartOf":{"@id":"https:\/\/www.bullmeat.com\/en\/#website"},"primaryImageOfPage":{"@id":"https:\/\/www.bullmeat.com\/kwaliteit\/#primaryimage"},"image":{"@id":"https:\/\/www.bullmeat.com\/kwaliteit\/#primaryimage"},"thumbnailUrl":"https:\/\/www.bullmeat.com\/wp-content\/uploads\/2018\/02\/iStock_000011872661Medium-250x167.jpg","datePublished":"2018-04-18T14:10:07+00:00","dateModified":"2023-02-16T11:01:39+00:00","breadcrumb":{"@id":"https:\/\/www.bullmeat.com\/kwaliteit\/#breadcrumb"},"inLanguage":"fr-FR","potentialAction":[{"@type":"ReadAction","target":["https:\/\/www.bullmeat.com\/kwaliteit\/"]}]},{"@type":"ImageObject","inLanguage":"fr-FR","@id":"https:\/\/www.bullmeat.com\/kwaliteit\/#primaryimage","url":"https:\/\/www.bullmeat.com\/wp-content\/uploads\/2018\/02\/iStock_000011872661Medium-250x167.jpg","contentUrl":"https:\/\/www.bullmeat.com\/wp-content\/uploads\/2018\/02\/iStock_000011872661Medium-250x167.jpg"},{"@type":"BreadcrumbList","@id":"https:\/\/www.bullmeat.com\/kwaliteit\/#breadcrumb","itemListElement":[{"@type":"ListItem","position":1,"name":"Home","item":"https:\/\/www.bullmeat.com\/fr\/"},{"@type":"ListItem","position":2,"name":"Qualit\u00e9"}]},{"@type":"WebSite","@id":"https:\/\/www.bullmeat.com\/en\/#website","url":"https:\/\/www.bullmeat.com\/en\/","name":"Bullmeat","description":"","potentialAction":[{"@type":"SearchAction","target":{"@type":"EntryPoint","urlTemplate":"https:\/\/www.bullmeat.com\/en\/?s={search_term_string}"},"query-input":{"@type":"PropertyValueSpecification","valueRequired":true,"valueName":"search_term_string"}}],"inLanguage":"fr-FR"}]}},"_links":{"self":[{"href":"https:\/\/www.bullmeat.com\/fr\/wp-json\/wp\/v2\/pages\/1253","targetHints":{"allow":["GET"]}}],"collection":[{"href":"https:\/\/www.bullmeat.com\/fr\/wp-json\/wp\/v2\/pages"}],"about":[{"href":"https:\/\/www.bullmeat.com\/fr\/wp-json\/wp\/v2\/types\/page"}],"author":[{"embeddable":true,"href":"https:\/\/www.bullmeat.com\/fr\/wp-json\/wp\/v2\/users\/2"}],"replies":[{"embeddable":true,"href":"https:\/\/www.bullmeat.com\/fr\/wp-json\/wp\/v2\/comments?post=1253"}],"version-history":[{"count":3,"href":"https:\/\/www.bullmeat.com\/fr\/wp-json\/wp\/v2\/pages\/1253\/revisions"}],"predecessor-version":[{"id":1334,"href":"https:\/\/www.bullmeat.com\/fr\/wp-json\/wp\/v2\/pages\/1253\/revisions\/1334"}],"wp:attachment":[{"href":"https:\/\/www.bullmeat.com\/fr\/wp-json\/wp\/v2\/media?parent=1253"}],"curies":[{"name":"wp","href":"https:\/\/api.w.org\/{rel}","templated":true}]}}